{"id":14,"date":"2021-04-06T17:45:45","date_gmt":"2021-04-06T15:45:45","guid":{"rendered":"http:\/\/mathu-severine-psychologue.be\/?page_id=14"},"modified":"2026-01-22T13:10:40","modified_gmt":"2026-01-22T12:10:40","slug":"accueil","status":"publish","type":"page","link":"https:\/\/mathu-severine-psychologue.be\/","title":{"rendered":"Psychoth\u00e9rapie adulte, couple, adolescent, enfant"},"content":{"rendered":"\n<div class=\"is-layout-flex wp-container-3 wp-block-columns\">\n<div class=\"is-layout-flow wp-block-column\" style=\"flex-basis:33.33%\"><div class=\"wp-block-image\">\n<figure class=\"aligncenter size-large\"><img decoding=\"async\" loading=\"lazy\" width=\"225\" height=\"168\" src=\"http:\/\/mathu-severine-psychologue.be\/wp-content\/uploads\/2021\/04\/photo-1-site-internet-e1486286149531.jpg\" alt=\"\" class=\"wp-image-18\"\/><\/figure><\/div><\/div>\n\n\n\n<div class=\"is-layout-flow wp-block-column is-vertically-aligned-center\" style=\"flex-basis:66.66%\">\n<h3 class=\"has-text-align-center has-vivid-cyan-blue-color has-text-color\"><strong>Psychologue licenci\u00e9e U.C.L.<\/strong><\/h3>\n\n\n\n<p class=\"has-text-align-center\"><strong>20 ans d&#8217;exp\u00e9rience<\/strong><\/p>\n<\/div>\n<\/div>\n\n\n\n<div class=\"is-layout-flow wp-block-group\"><div class=\"wp-block-group__inner-container\">\n<div class=\"is-layout-flex wp-container-6 wp-block-columns\">\n<div class=\"is-layout-flow wp-block-column\">\n<p id=\"block-9cf15610-535c-459b-9108-18182e2450a5\">Elle a termin\u00e9 ses \u00e9tudes \u00e0 l\u2019U.C.L. en psychologie clinique en 2003.<\/p>\n\n\n\n<p id=\"block-9cf15610-535c-459b-9108-18182e2450a5\"> Elle est passionn\u00e9e par le ph\u00e9nom\u00e8ne de r\u00e9silience, c\u2019est-\u00e0-dire, la capacit\u00e9 qu\u2019ont les personnes \u00e0 survivre et \u00e0 se reconstruire apr\u00e8s un parcours de vie difficile, souvent traumatisant. <\/p>\n\n\n\n<p id=\"block-9cf15610-535c-459b-9108-18182e2450a5\">Elle a d\u2019ailleurs r\u00e9alis\u00e9 sa th\u00e8se sur ce sujet avec la collaboration du neuropsychiatre Boris Cyrulnik et Tim Gu\u00e9nard, le \u00ab&nbsp;r\u00e9silient&nbsp;\u00bb.<\/p>\n\n\n\n<p id=\"block-9cf15610-535c-459b-9108-18182e2450a5\"><em>Elle a le sentiment d\u2019avoir acquis cette chance d\u2019\u00eatre libre dans la fa\u00e7on dont elle vit. Elle a envie de transmettre comme une signature cette libert\u00e9 \u00e0 ses patients.<\/em><\/p>\n\n\n\n<p id=\"block-9cf15610-535c-459b-9108-18182e2450a5\">Elle pratique aujourd\u2019hui des psychoth\u00e9rapies analytiques et syst\u00e9miques avec aussi bien des enfants d\u00e8s 3 ans que des adolescents et leurs parents, des adultes et des couples.<\/p>\n\n\n\n<p id=\"block-9cf15610-535c-459b-9108-18182e2450a5\">Elle travaille avec une approche bio-psycho-sociale et m\u00e9ditative et en lien avec des m\u00e9decins g\u00e9n\u00e9ralistes, des (p\u00e9do)psychiatres et diverses associations et professionnels de la r\u00e9gion, si besoin est.<\/p>\n<\/div>\n\n\n\n<div class=\"is-layout-flow wp-block-column\">\n<p>Agr\u00e9\u00e9e par la Commission Belge des Psychologues et par les mutuelles, elle a consult\u00e9 comme ind\u00e9pendante d\u00e8s 2004 \u00e0 Etalle, ensuite \u00e0 Sainte-Marie-Sur-Semois et est aujourd\u2019hui install\u00e9e \u00e0 Saint-L\u00e9ger au cabinet priv\u00e9 de son domicile.<\/p>\n\n\n\n<p><\/p>\n<\/div>\n<\/div>\n<\/div><\/div>\n","protected":false},"excerpt":{"rendered":"<p>Psychologue licenci\u00e9e U.C.L. 20 ans d&#8217;exp\u00e9rience Elle a termin\u00e9 ses \u00e9tudes \u00e0 l\u2019U.C.L. en psychologie clinique en 2003. Elle est passionn\u00e9e par le ph\u00e9nom\u00e8ne de r\u00e9silience, c\u2019est-\u00e0-dire, la capacit\u00e9 qu\u2019ont les personnes \u00e0 survivre et \u00e0 se reconstruire apr\u00e8s un parcours de vie difficile, souvent traumatisant. Elle a d\u2019ailleurs r\u00e9alis\u00e9 sa th\u00e8se sur ce sujet [&hellip;]<\/p>\n","protected":false},"author":1,"featured_media":0,"parent":0,"menu_order":0,"comment_status":"closed","ping_status":"closed","template":"","meta":[],"_links":{"self":[{"href":"https:\/\/mathu-severine-psychologue.be\/index.php?rest_route=\/wp\/v2\/pages\/14"}],"collection":[{"href":"https:\/\/mathu-severine-psychologue.be\/index.php?rest_route=\/wp\/v2\/pages"}],"about":[{"href":"https:\/\/mathu-severine-psychologue.be\/index.php?rest_route=\/wp\/v2\/types\/page"}],"author":[{"embeddable":true,"href":"https:\/\/mathu-severine-psychologue.be\/index.php?rest_route=\/wp\/v2\/users\/1"}],"replies":[{"embeddable":true,"href":"https:\/\/mathu-severine-psychologue.be\/index.php?rest_route=%2Fwp%2Fv2%2Fcomments&post=14"}],"version-history":[{"count":10,"href":"https:\/\/mathu-severine-psychologue.be\/index.php?rest_route=\/wp\/v2\/pages\/14\/revisions"}],"predecessor-version":[{"id":105,"href":"https:\/\/mathu-severine-psychologue.be\/index.php?rest_route=\/wp\/v2\/pages\/14\/revisions\/105"}],"wp:attachment":[{"href":"https:\/\/mathu-severine-psychologue.be\/index.php?rest_route=%2Fwp%2Fv2%2Fmedia&parent=14"}],"curies":[{"name":"wp","href":"https:\/\/api.w.org\/{rel}","templated":true}]}}