{"id":92,"date":"2021-11-06T10:18:51","date_gmt":"2021-11-06T09:18:51","guid":{"rendered":"http:\/\/mathu-severine-psychologue.be\/?page_id=92"},"modified":"2021-11-25T13:35:23","modified_gmt":"2021-11-25T12:35:23","slug":"quelques-mots-source-dinspiration","status":"publish","type":"page","link":"https:\/\/mathu-severine-psychologue.be\/?page_id=92","title":{"rendered":"Quelques mots, source d&#8217;inspiration"},"content":{"rendered":"\n<blockquote class=\"wp-block-quote has-text-align-left is-style-large\"><p><em>Je ne suis pas responsable de ce qu\u2019on m\u2019a fait, mais je suis responsable de ce que j\u2019en fais<\/em><\/p><cite>Boris Cyrulnik<\/cite><\/blockquote>\n\n\n\n<blockquote class=\"wp-block-quote is-style-large\"><p><em>Eteignez tout et le monde s\u2019allume.<\/em><\/p><cite>Sylvain Tesson et Fr\u00e9d\u00e9ric Beigbeder<\/cite><\/blockquote>\n\n\n\n<blockquote class=\"wp-block-quote is-style-large\"><p><em>C\u2019est dans l\u2019ombre de soi-m\u00eame que l\u2019on fait les rencontres les plus lumineuses.<\/em><\/p><cite>Jacques Salom\u00e9<\/cite><\/blockquote>\n\n\n\n<blockquote class=\"wp-block-quote is-style-large\"><p><em>La libert\u00e9 appartient \u00e0 ceux qui l\u2019ont conquise.<\/em><\/p><cite>Andr\u00e9 Malraux<\/cite><\/blockquote>\n\n\n\n<blockquote class=\"wp-block-quote is-style-large\"><p><em>Mis bout \u00e0 bout, tous les escaliers de Li\u00e8ge conduiraient \u00e0 la lune ou au centre de la terre.<\/em><\/p><cite>Jacques Izoard<\/cite><\/blockquote>\n\n\n\n<blockquote class=\"wp-block-quote is-style-large\"><p><em>L\u2019important n\u2019est pas seulement ce qu\u2019on a fait de nous, mais ce que nous faisons nous-m\u00eames de ce qu\u2019on a fait de nous.<\/em><\/p><cite>Jean-Paul Sartre, saint-Genet, Com\u00e9dien et Martyr<\/cite><\/blockquote>\n\n\n\n<blockquote class=\"wp-block-quote is-style-large\"><p><em>Vivre est la chose la plus rare du monde. La plupart des gens ne font qu\u2019exister.<\/em><\/p><cite>Oscar Wilde<\/cite><\/blockquote>\n\n\n\n<blockquote class=\"wp-block-quote is-style-large\"><p><em>L\u2019Humour, ce n\u2019est pas fait que pour rigoler.<\/em><\/p><cite>Boris Cyrulnik<\/cite><\/blockquote>\n\n\n\n<blockquote class=\"wp-block-quote is-style-large\"><p><em>Ce qui ne nous tue pas nous rend plus fort.<\/em><\/p><cite>Friedrich Nietzsche<\/cite><\/blockquote>\n\n\n\n<blockquote class=\"wp-block-quote is-style-large\"><p><em>Connais toi toi-m\u00eame.<\/em><\/p><cite>Socrate<\/cite><\/blockquote>\n\n\n\n<blockquote class=\"wp-block-quote is-style-large\"><p><em>Le sens de la Vie est la plus pressante des questions.<\/em><\/p><cite>Albert Camus<\/cite><\/blockquote>\n\n\n\n<blockquote class=\"wp-block-quote is-style-large\"><p><em>La v\u00e9rit\u00e9 supr\u00eame de la Vie est dans l\u2019art.<\/em><\/p><cite>Marcel Proust<\/cite><\/blockquote>\n\n\n\n<blockquote class=\"wp-block-quote is-style-large\"><p><em>L\u2019Amour est \u00e0 r\u00e9inventer, on le sait.<\/em><\/p><cite>Arthur Rimbaud<\/cite><\/blockquote>\n\n\n\n<blockquote class=\"wp-block-quote is-style-large\"><p><em>Aimer, c\u2019est toucher l\u2019\u00e2me de l\u2019autre dans le respect, avec tendresse.<\/em><\/p><cite>S\u00e9verine<\/cite><\/blockquote>\n\n\n\n<blockquote class=\"wp-block-quote is-style-large\"><p><em>Je crois que les hommes sont merveilleux. Il faut peut-\u00eatre qu\u2019on leur dise.<\/em><\/p><cite>Jacques Brel<\/cite><\/blockquote>\n\n\n\n<blockquote class=\"wp-block-quote is-style-large\"><p><em>L\u2019amour de la Musique m\u00e8ne toujours \u00e0 la musique de l\u2019Amour.<\/em><\/p><cite>Jacques Pr\u00e9vert<\/cite><\/blockquote>\n\n\n\n<blockquote class=\"wp-block-quote is-style-large\"><p><em>La m\u00e9decine sauve des vies; la psychanalyse des existences.<\/em><\/p><cite>Elisabeth Roudinesco<\/cite><\/blockquote>\n\n\n\n<blockquote class=\"wp-block-quote is-style-large\"><p><em>La Nature agit et l\u2019Homme fait.<\/em><\/p><cite>Emmanuel Kant<\/cite><\/blockquote>\n\n\n\n<blockquote class=\"wp-block-quote is-style-large\"><p><em>Le g\u00e9nie, c\u2019est avoir la capacit\u00e9 infinie de pouvoir prendre la vie \u00e0 bras le corps.<\/em><\/p><cite>Katharine Hepburn<\/cite><\/blockquote>\n\n\n\n<blockquote class=\"wp-block-quote is-style-large\"><p><em>Le d\u00e9sordre, c\u2019est l\u2019ordre moins le pouvoir.<\/em><\/p><cite>L\u00e9o Ferr\u00e9<\/cite><\/blockquote>\n\n\n\n<blockquote class=\"wp-block-quote is-style-large\"><p><em>J\u2019aime passionn\u00e9ment le myst\u00e8re, parce que j\u2019ai toujours l\u2019espoir de le d\u00e9brouiller.<\/em><\/p><cite>Charles Baudelaire<\/cite><\/blockquote>\n\n\n\n<blockquote class=\"wp-block-quote is-style-large\"><p><em>Tout ce qui ne parvient pas \u00e0 la conscience revient sous la forme de destin.<\/em><\/p><cite>Carl Gustav Jung<\/cite><\/blockquote>\n\n\n\n<blockquote class=\"wp-block-quote is-style-large\"><p><em>La cr\u00e9ativit\u00e9, c\u2019est l\u2019intelligence qui s\u2019amuse.<\/em><\/p><cite>Albert Einstein<\/cite><\/blockquote>\n\n\n\n<blockquote class=\"wp-block-quote is-style-large\"><p><em>L\u2019affection est un tranquilisant naturel.<\/em><\/p><cite>Boris Cyrulnik<\/cite><\/blockquote>\n\n\n\n<blockquote class=\"wp-block-quote is-style-large\"><p><em>L\u2019\u00e9ducation modifie le cerveau des enfants.<\/em><\/p><cite>Catherine Gueguer (p\u00e9diatre)<\/cite><\/blockquote>\n\n\n\n<blockquote class=\"wp-block-quote is-style-large\"><p><em>On ne peut que donner deux choses aux enfants dans la vie. Des racines et des ailes.<\/em><\/p><cite>Johann Wolfgang von Goethe<\/cite><\/blockquote>\n\n\n\n<blockquote class=\"wp-block-quote is-style-large\"><p><em>Le sourire est la seule preuve de notre voyage sur terre.<\/em><\/p><cite>Christian Bobin<\/cite><\/blockquote>\n\n\n\n<blockquote class=\"wp-block-quote is-style-large\"><p><em>Exister est un fait mais vivre est un art.<\/em><\/p><cite>Fr\u00e9d\u00e9ric Lenoir<\/cite><\/blockquote>\n\n\n\n<blockquote class=\"wp-block-quote is-style-large\"><p><em>Etre libre, c\u2019est aussi ne pas agir en fonction du regard d\u2019autrui.<\/em><\/p><cite>Fr\u00e9d\u00e9ric Lenoir<\/cite><\/blockquote>\n\n\n\n<blockquote class=\"wp-block-quote is-style-large\"><p><em>C\u2019est aux esclaves, non aux hommes libres, que l\u2019on fait un cadeau pour les r\u00e9compenser de s\u2019\u00eatre bien conduits.<\/em><\/p><cite>Baruch Spinoza<\/cite><\/blockquote>\n\n\n\n<blockquote class=\"wp-block-quote is-style-large\"><p><em>Le comble de l\u2019insolence que nous avons invent\u00e9 pour nous, c\u2019est notre accession \u00e0 l\u2019humanit\u00e9: nous avons pos\u00e9 l\u2019homme cr\u00e9ant ses valeurs comme l\u2019aventure la plus sublime de la Vie.<\/em><\/p><cite>Lou Andreas Salom\u00e9<\/cite><\/blockquote>\n\n\n\n<blockquote class=\"wp-block-quote is-style-large\"><p><em>Il existe des personnes qui sont des lumi\u00e8res parce qu\u2019elles savent aimer. Quand on les rencontre, elles nous remplissent de joie car par leurs attitudes, elles remettent de l\u2019ordre dans le monde des valeurs.<\/em><\/p><cite>S\u00e9verine<\/cite><\/blockquote>\n","protected":false},"excerpt":{"rendered":"<p>Je ne suis pas responsable de ce qu\u2019on m\u2019a fait, mais je suis responsable de ce que j\u2019en fais Boris Cyrulnik Eteignez tout et le monde s\u2019allume. Sylvain Tesson et Fr\u00e9d\u00e9ric Beigbeder C\u2019est dans l\u2019ombre de soi-m\u00eame que l\u2019on fait les rencontres les plus lumineuses. Jacques Salom\u00e9 La libert\u00e9 appartient \u00e0 ceux qui l\u2019ont conquise. [&hellip;]<\/p>\n","protected":false},"author":1,"featured_media":0,"parent":0,"menu_order":0,"comment_status":"closed","ping_status":"closed","template":"","meta":[],"_links":{"self":[{"href":"https:\/\/mathu-severine-psychologue.be\/index.php?rest_route=\/wp\/v2\/pages\/92"}],"collection":[{"href":"https:\/\/mathu-severine-psychologue.be\/index.php?rest_route=\/wp\/v2\/pages"}],"about":[{"href":"https:\/\/mathu-severine-psychologue.be\/index.php?rest_route=\/wp\/v2\/types\/page"}],"author":[{"embeddable":true,"href":"https:\/\/mathu-severine-psychologue.be\/index.php?rest_route=\/wp\/v2\/users\/1"}],"replies":[{"embeddable":true,"href":"https:\/\/mathu-severine-psychologue.be\/index.php?rest_route=%2Fwp%2Fv2%2Fcomments&post=92"}],"version-history":[{"count":6,"href":"https:\/\/mathu-severine-psychologue.be\/index.php?rest_route=\/wp\/v2\/pages\/92\/revisions"}],"predecessor-version":[{"id":100,"href":"https:\/\/mathu-severine-psychologue.be\/index.php?rest_route=\/wp\/v2\/pages\/92\/revisions\/100"}],"wp:attachment":[{"href":"https:\/\/mathu-severine-psychologue.be\/index.php?rest_route=%2Fwp%2Fv2%2Fmedia&parent=92"}],"curies":[{"name":"wp","href":"https:\/\/api.w.org\/{rel}","templated":true}]}}